{"id":879,"date":"2017-12-06T11:21:33","date_gmt":"2017-12-06T10:21:33","guid":{"rendered":"http:\/\/www.rehub.pro\/?page_id=879"},"modified":"2019-04-17T16:45:06","modified_gmt":"2019-04-17T14:45:06","slug":"press","status":"publish","type":"page","link":"https:\/\/www.rehub.pro\/en\/press.html","title":{"rendered":"Press"},"content":{"rendered":"<p>Press\t\t\t\t\t\t\t\t<\/p>\n<p><a href=\"http:\/\/www.rehub.pro\/messaggero-rehub-tra-le-idee-superare-la-disabilita.html\"><img loading=\"lazy\" decoding=\"async\" width=\"480\" height=\"480\" src=\"http:\/\/www.rehub.pro\/wp-content\/uploads\/2018\/01\/MESSAGGERO_20171201-480x480.jpg\" \/><\/a>\t\t\t\t\t\t\t\t\t\t\t\t\t\t\t\t\t\t\t\t\t\t\t<\/p>\n<p><a href=\"http:\/\/www.rehub.pro\/messaggero-rehub-tra-le-idee-superare-la-disabilita.html\">Il Messaggero &#8211; reHub among the best ideas to solve disability<\/a><\/p>\n<p>Il Messaggero ha pubblicato una rassegna dei progetti selezionati da MakeToCare2017 dal titolo &#8220;Premiate le migliori idee e innovazioni hi-tech dedicate all&#8217;assistenza ai disabili e per su&#8230;\t\t\t\t\t\t\t\t\t\t\t\t\t\t\t\t\t\t\t\t\t\t\t\t\t\t\t\t\t 25 gennaio 2018<a href=\"http:\/\/www.rehub.pro\/author\/glove\">glove<\/a> <a href=\"http:\/\/www.rehub.pro\/category\/press\">Press<\/a> <a href=\"http:\/\/www.rehub.pro\/tag\/disabilita\">disabilit\u00e0<\/a>,<a href=\"http:\/\/www.rehub.pro\/tag\/il-messaggero\">Il messaggero<\/a>,<a href=\"http:\/\/www.rehub.pro\/tag\/il-messaggero-it\">Il Messaggero.it<\/a>,<a href=\"http:\/\/www.rehub.pro\/tag\/le-migliori-idee\">le migliori idee<\/a>,<a href=\"http:\/\/www.rehub.pro\/tag\/rehub\">reHub<\/a>,<a href=\"http:\/\/www.rehub.pro\/tag\/rehub-per-superare-le-disabilita\">reHub per superare le disabilit\u00e0<\/a>,<a href=\"http:\/\/www.rehub.pro\/tag\/superare-la-disabilita\">superare la disabilit\u00e0<\/a>\t\t\t\t\t\t\t\t\t\t\t\t\t\t\t\t\t\t\t\t\t\t\t\t\t\t\t\t\t\t\t\t\t\t\t\t\t\t\t\t\t\t\t<a href=\"http:\/\/www.rehub.pro\/messaggero-rehub-tra-le-idee-superare-la-disabilita.html\">Leggi Ancora<\/a><\/p>\n<p><a href=\"http:\/\/www.rehub.pro\/corriere-della-sera-salute.html\"><img loading=\"lazy\" decoding=\"async\" width=\"400\" height=\"480\" src=\"http:\/\/www.rehub.pro\/wp-content\/uploads\/2017\/12\/corriere_disabilita-400x480.png\" \/><\/a>\t\t\t\t\t\t\t\t\t\t\t\t\t\t\t\t\t\t\t\t\t\t\t<\/p>\n<p><a href=\"http:\/\/www.rehub.pro\/corriere-della-sera-salute.html\">Corriere della Sera &#8211; Health<\/a><\/p>\n<p>Il Corriere della Sera, storico quotidiano italiano, scrive di reHub nella sezione Salute\/Disabilit\u00e0 descrivendoci come una delle nuove idee che potranno &#8220;migliorare la vita di chi \u00e8 affetto d&#8230;\t\t\t\t\t\t\t\t\t\t\t\t\t\t\t\t\t\t\t\t\t\t\t\t\t\t\t\t\t 6 dicembre 2017<a href=\"http:\/\/www.rehub.pro\/author\/glove\">glove<\/a> <a href=\"http:\/\/www.rehub.pro\/category\/press\">Press<\/a> <a href=\"http:\/\/www.rehub.pro\/tag\/corriere-della-sera\">corriere della sera<\/a>,<a href=\"http:\/\/www.rehub.pro\/tag\/disabilita\">disabilit\u00e0<\/a>,<a href=\"http:\/\/www.rehub.pro\/tag\/idee-per-la-disabilita\">idee per la disabilit\u00e0<\/a>,<a href=\"http:\/\/www.rehub.pro\/tag\/innovazione\">innovazione<\/a>,<a href=\"http:\/\/www.rehub.pro\/tag\/online\">online<\/a>,<a href=\"http:\/\/www.rehub.pro\/tag\/press\">press<\/a>,<a href=\"http:\/\/www.rehub.pro\/tag\/rehub\">reHub<\/a>,<a href=\"http:\/\/www.rehub.pro\/tag\/salute\">salute<\/a>,<a href=\"http:\/\/www.rehub.pro\/tag\/stampa-online\">stampa online<\/a>\t\t\t\t\t\t\t\t\t\t\t\t\t\t\t\t\t\t\t\t\t\t\t\t\t\t\t\t\t\t\t\t\t\t\t\t\t\t\t\t\t\t\t<a href=\"http:\/\/www.rehub.pro\/corriere-della-sera-salute.html\">Leggi Ancora<\/a><\/p>\n<p><!-- \/row --><\/p>\n","protected":false},"excerpt":{"rendered":"<p class=\"excerpt\">Press Il Messaggero &#8211; reHub among the best ideas to solve disability Il Messaggero ha pubblicato una rassegna dei progetti selezionati da MakeToCare2017 dal titolo &#8220;Premiate le migliori idee e innovazioni hi-tech dedicate all&#8217;assistenza ai disabili e per su&#8230; 25 gennaio 2018glove Press disabilit\u00e0,Il messaggero,Il Messaggero.it,le migliori idee,reHub,reHub per superare le disabilit\u00e0,superare la disabilit\u00e0 Leggi [&hellip;]<\/p>\n","protected":false},"author":1,"featured_media":0,"parent":0,"menu_order":0,"comment_status":"closed","ping_status":"closed","template":"builder.php","meta":{"footnotes":""},"class_list":["post-879","page","type-page","status-publish","hentry"],"yoast_head":"<!-- This site is optimized with the Yoast SEO plugin v25.7 - https:\/\/yoast.com\/wordpress\/plugins\/seo\/ -->\n<title>Press - ReHub<\/title>\n<meta name=\"robots\" content=\"index, follow, max-snippet:-1, max-image-preview:large, max-video-preview:-1\" \/>\n<link rel=\"canonical\" href=\"https:\/\/www.rehub.pro\/en\/press.html\" \/>\n<meta property=\"og:locale\" content=\"en_US\" \/>\n<meta property=\"og:type\" content=\"article\" \/>\n<meta property=\"og:title\" content=\"Press - ReHub\" \/>\n<meta property=\"og:description\" content=\"Press Il Messaggero &#8211; reHub among the best ideas to solve disability Il Messaggero ha pubblicato una rassegna dei progetti selezionati da MakeToCare2017 dal titolo &#8220;Premiate le migliori idee e innovazioni hi-tech dedicate all&#8217;assistenza ai disabili e per su&#8230; 25 gennaio 2018glove Press disabilit\u00e0,Il messaggero,Il Messaggero.it,le migliori idee,reHub,reHub per superare le disabilit\u00e0,superare la disabilit\u00e0 Leggi [&hellip;]\" \/>\n<meta property=\"og:url\" content=\"https:\/\/www.rehub.pro\/en\/press.html\" \/>\n<meta property=\"og:site_name\" content=\"ReHub\" \/>\n<meta property=\"article:modified_time\" content=\"2019-04-17T14:45:06+00:00\" \/>\n<meta property=\"og:image\" content=\"http:\/\/www.rehub.pro\/wp-content\/uploads\/2018\/01\/MESSAGGERO_20171201-480x480.jpg\" \/>\n<meta name=\"twitter:card\" content=\"summary_large_image\" \/>\n<meta name=\"twitter:label1\" content=\"Est. reading time\" \/>\n\t<meta name=\"twitter:data1\" content=\"1 minute\" \/>\n<script type=\"application\/ld+json\" class=\"yoast-schema-graph\">{\"@context\":\"https:\/\/schema.org\",\"@graph\":[{\"@type\":\"WebPage\",\"@id\":\"https:\/\/www.rehub.pro\/en\/press.html\",\"url\":\"https:\/\/www.rehub.pro\/en\/press.html\",\"name\":\"Press - ReHub\",\"isPartOf\":{\"@id\":\"https:\/\/www.rehub.pro\/en\/#website\"},\"primaryImageOfPage\":{\"@id\":\"https:\/\/www.rehub.pro\/en\/press.html#primaryimage\"},\"image\":{\"@id\":\"https:\/\/www.rehub.pro\/press.html#primaryimage\"},\"thumbnailUrl\":\"http:\/\/www.rehub.pro\/wp-content\/uploads\/2018\/01\/MESSAGGERO_20171201-480x480.jpg\",\"datePublished\":\"2017-12-06T10:21:33+00:00\",\"dateModified\":\"2019-04-17T14:45:06+00:00\",\"breadcrumb\":{\"@id\":\"https:\/\/www.rehub.pro\/en\/press.html#breadcrumb\"},\"inLanguage\":\"en-US\",\"potentialAction\":[{\"@type\":\"ReadAction\",\"target\":[[\"https:\/\/www.rehub.pro\/en\/press.html\"]]}]},{\"@type\":\"ImageObject\",\"inLanguage\":\"en-US\",\"@id\":\"https:\/\/www.rehub.pro\/en\/press.html#primaryimage\",\"url\":\"http:\/\/www.rehub.pro\/wp-content\/uploads\/2018\/01\/MESSAGGERO_20171201-480x480.jpg\",\"contentUrl\":\"http:\/\/www.rehub.pro\/wp-content\/uploads\/2018\/01\/MESSAGGERO_20171201-480x480.jpg\"},{\"@type\":\"BreadcrumbList\",\"@id\":\"https:\/\/www.rehub.pro\/en\/press.html#breadcrumb\",\"itemListElement\":[{\"@type\":\"ListItem\",\"position\":1,\"name\":\"Home\",\"item\":\"https:\/\/www.rehub.pro\/en\/\"},{\"@type\":\"ListItem\",\"position\":2,\"name\":\"Press\"}]},{\"@type\":\"WebSite\",\"@id\":\"https:\/\/www.rehub.pro\/en\/#website\",\"url\":\"https:\/\/www.rehub.pro\/en\/\",\"name\":\"ReHub\",\"description\":\"ReHub Glove: sensor hub glove\",\"publisher\":{\"@id\":\"https:\/\/www.rehub.pro\/en\/#organization\"},\"potentialAction\":[{\"@type\":\"SearchAction\",\"target\":{\"@type\":\"EntryPoint\",\"urlTemplate\":\"https:\/\/www.rehub.pro\/en\/?s={search_term_string}\"},\"query-input\":{\"@type\":\"PropertyValueSpecification\",\"valueRequired\":true,\"valueName\":\"search_term_string\"}}],\"inLanguage\":\"en-US\"},{\"@type\":\"Organization\",\"@id\":\"https:\/\/www.rehub.pro\/en\/#organization\",\"name\":\"ReHub\",\"url\":\"https:\/\/www.rehub.pro\/en\/\",\"logo\":{\"@type\":\"ImageObject\",\"inLanguage\":\"en-US\",\"@id\":\"https:\/\/www.rehub.pro\/en\/#\/schema\/logo\/image\/\",\"url\":\"https:\/\/www.rehub.pro\/wp-content\/uploads\/2016\/10\/cropped-LOGODEF_2-2.png\",\"contentUrl\":\"https:\/\/www.rehub.pro\/wp-content\/uploads\/2016\/10\/cropped-LOGODEF_2-2.png\",\"width\":150,\"height\":150,\"caption\":\"ReHub\"},\"image\":{\"@id\":\"https:\/\/www.rehub.pro\/en\/#\/schema\/logo\/image\/\"}}]}<\/script>\n<!-- \/ Yoast SEO plugin. -->","yoast_head_json":{"title":"Press - ReHub","robots":{"index":"index","follow":"follow","max-snippet":"max-snippet:-1","max-image-preview":"max-image-preview:large","max-video-preview":"max-video-preview:-1"},"canonical":"https:\/\/www.rehub.pro\/en\/press.html","og_locale":"en_US","og_type":"article","og_title":"Press - ReHub","og_description":"Press Il Messaggero &#8211; reHub among the best ideas to solve disability Il Messaggero ha pubblicato una rassegna dei progetti selezionati da MakeToCare2017 dal titolo &#8220;Premiate le migliori idee e innovazioni hi-tech dedicate all&#8217;assistenza ai disabili e per su&#8230; 25 gennaio 2018glove Press disabilit\u00e0,Il messaggero,Il Messaggero.it,le migliori idee,reHub,reHub per superare le disabilit\u00e0,superare la disabilit\u00e0 Leggi [&hellip;]","og_url":"https:\/\/www.rehub.pro\/en\/press.html","og_site_name":"ReHub","article_modified_time":"2019-04-17T14:45:06+00:00","og_image":[{"url":"http:\/\/www.rehub.pro\/wp-content\/uploads\/2018\/01\/MESSAGGERO_20171201-480x480.jpg","type":"","width":"","height":""}],"twitter_card":"summary_large_image","twitter_misc":{"Est. reading time":"1 minute"},"schema":{"@context":"https:\/\/schema.org","@graph":[{"@type":"WebPage","@id":"https:\/\/www.rehub.pro\/en\/press.html","url":"https:\/\/www.rehub.pro\/en\/press.html","name":"Press - ReHub","isPartOf":{"@id":"https:\/\/www.rehub.pro\/en\/#website"},"primaryImageOfPage":{"@id":"https:\/\/www.rehub.pro\/en\/press.html#primaryimage"},"image":{"@id":"https:\/\/www.rehub.pro\/press.html#primaryimage"},"thumbnailUrl":"http:\/\/www.rehub.pro\/wp-content\/uploads\/2018\/01\/MESSAGGERO_20171201-480x480.jpg","datePublished":"2017-12-06T10:21:33+00:00","dateModified":"2019-04-17T14:45:06+00:00","breadcrumb":{"@id":"https:\/\/www.rehub.pro\/en\/press.html#breadcrumb"},"inLanguage":"en-US","potentialAction":[{"@type":"ReadAction","target":[["https:\/\/www.rehub.pro\/en\/press.html"]]}]},{"@type":"ImageObject","inLanguage":"en-US","@id":"https:\/\/www.rehub.pro\/en\/press.html#primaryimage","url":"http:\/\/www.rehub.pro\/wp-content\/uploads\/2018\/01\/MESSAGGERO_20171201-480x480.jpg","contentUrl":"http:\/\/www.rehub.pro\/wp-content\/uploads\/2018\/01\/MESSAGGERO_20171201-480x480.jpg"},{"@type":"BreadcrumbList","@id":"https:\/\/www.rehub.pro\/en\/press.html#breadcrumb","itemListElement":[{"@type":"ListItem","position":1,"name":"Home","item":"https:\/\/www.rehub.pro\/en\/"},{"@type":"ListItem","position":2,"name":"Press"}]},{"@type":"WebSite","@id":"https:\/\/www.rehub.pro\/en\/#website","url":"https:\/\/www.rehub.pro\/en\/","name":"ReHub","description":"ReHub Glove: sensor hub glove","publisher":{"@id":"https:\/\/www.rehub.pro\/en\/#organization"},"potentialAction":[{"@type":"SearchAction","target":{"@type":"EntryPoint","urlTemplate":"https:\/\/www.rehub.pro\/en\/?s={search_term_string}"},"query-input":{"@type":"PropertyValueSpecification","valueRequired":true,"valueName":"search_term_string"}}],"inLanguage":"en-US"},{"@type":"Organization","@id":"https:\/\/www.rehub.pro\/en\/#organization","name":"ReHub","url":"https:\/\/www.rehub.pro\/en\/","logo":{"@type":"ImageObject","inLanguage":"en-US","@id":"https:\/\/www.rehub.pro\/en\/#\/schema\/logo\/image\/","url":"https:\/\/www.rehub.pro\/wp-content\/uploads\/2016\/10\/cropped-LOGODEF_2-2.png","contentUrl":"https:\/\/www.rehub.pro\/wp-content\/uploads\/2016\/10\/cropped-LOGODEF_2-2.png","width":150,"height":150,"caption":"ReHub"},"image":{"@id":"https:\/\/www.rehub.pro\/en\/#\/schema\/logo\/image\/"}}]}},"_links":{"self":[{"href":"https:\/\/www.rehub.pro\/en\/wp-json\/wp\/v2\/pages\/879","targetHints":{"allow":["GET"]}}],"collection":[{"href":"https:\/\/www.rehub.pro\/en\/wp-json\/wp\/v2\/pages"}],"about":[{"href":"https:\/\/www.rehub.pro\/en\/wp-json\/wp\/v2\/types\/page"}],"author":[{"embeddable":true,"href":"https:\/\/www.rehub.pro\/en\/wp-json\/wp\/v2\/users\/1"}],"replies":[{"embeddable":true,"href":"https:\/\/www.rehub.pro\/en\/wp-json\/wp\/v2\/comments?post=879"}],"version-history":[{"count":4,"href":"https:\/\/www.rehub.pro\/en\/wp-json\/wp\/v2\/pages\/879\/revisions"}],"predecessor-version":[{"id":940,"href":"https:\/\/www.rehub.pro\/en\/wp-json\/wp\/v2\/pages\/879\/revisions\/940"}],"wp:attachment":[{"href":"https:\/\/www.rehub.pro\/en\/wp-json\/wp\/v2\/media?parent=879"}],"curies":[{"name":"wp","href":"https:\/\/api.w.org\/{rel}","templated":true}]}}